{"id":9,"date":"2016-03-26T16:55:55","date_gmt":"2016-03-26T15:55:55","guid":{"rendered":"http:\/\/www.muzeumbozetice.cz\/?page_id=9"},"modified":"2017-02-24T01:56:07","modified_gmt":"2017-02-24T00:56:07","slug":"expozice-zemedelstvi","status":"publish","type":"page","link":"https:\/\/www.muzeumbozetice.cz\/index.php\/expozice-zemedelstvi\/","title":{"rendered":"Expozice zem\u011bd\u011blstv\u00ed"},"content":{"rendered":"<p><a href=\"http:\/\/www.muzeumbozetice.cz\/wp-content\/uploads\/2017\/02\/1s.jpg\" rel=\"attachment wp-att-29\"><img loading=\"lazy\" decoding=\"async\" class=\"size-medium wp-image-29 alignleft\" src=\"http:\/\/www.muzeumbozetice.cz\/wp-content\/uploads\/2017\/02\/1s-300x200.jpg\" alt=\"IMG_9938\" width=\"300\" height=\"200\" \/><\/a>&lt;&lt;&lt; Na voln\u00e9 plo\u0161e u ml\u00fdna a na n\u00e1dvo\u0159\u00ed je situov\u00e1na v\u00fdstava velk\u00fdch zem\u011bd\u011blsk\u00fdch stroj\u016f pro obd\u011bl\u00e1v\u00e1n\u00ed p\u016fdy, p\u011bstov\u00e1n\u00ed a sklize\u0148 obil\u00ed a brambor.<\/p>\n<p style=\"text-align: right;\"><a href=\"http:\/\/www.muzeumbozetice.cz\/wp-content\/uploads\/2017\/02\/11s.jpg\" rel=\"attachment wp-att-36\"><img loading=\"lazy\" decoding=\"async\" class=\"alignright\" src=\"http:\/\/www.muzeumbozetice.cz\/wp-content\/uploads\/2017\/02\/11s-300x200.jpg\" alt=\"P1030305\" width=\"300\" height=\"200\" align=\"absbottom\" \/><\/a><\/p>\n<p style=\"text-align: right;\">&nbsp;<\/p>\n<p style=\"text-align: right;\">&nbsp;<\/p>\n<p style=\"text-align: right;\">&nbsp;<br \/>&nbsp;<\/p>\n<p style=\"text-align: right;\">&nbsp;<\/p>\n<p style=\"text-align: right;\">&gt;&gt;&gt; Ve st\u00e1j\u00edch je soust\u0159ed\u011bna expozice zem\u011bd\u011blsk\u00e9ho n\u00e1\u0159ad\u00ed a mal\u00fdch zem\u011bd\u011blsk\u00fdch stroj\u016f.<\/p>\n<p><a href=\"http:\/\/www.muzeumbozetice.cz\/wp-content\/uploads\/2017\/02\/12s.jpg\" rel=\"attachment wp-att-30\"><img loading=\"lazy\" decoding=\"async\" class=\"size-medium wp-image-30 alignleft\" src=\"http:\/\/www.muzeumbozetice.cz\/wp-content\/uploads\/2017\/02\/12s-300x200.jpg\" alt=\"IMG_9942\" width=\"300\" height=\"200\" \/><\/a>&lt;&lt;&lt; K ml\u00fdnu samoz\u0159ejm\u011b pat\u0159ily polnosti, na kter\u00fdch se p\u011bstovalo obil\u00ed, brambory a \u0159epa. Obd\u011bl\u00e1v\u00e1n\u00ed zaji\u0161\u0165ovali slu\u017eky, ko\u010d\u00ed a pomocn\u00edci v hospod\u00e1\u0159stv\u00ed.<\/p>\n<p><a href=\"http:\/\/www.muzeumbozetice.cz\/wp-content\/uploads\/2017\/02\/13s.jpg\" rel=\"attachment wp-att-37\"><img loading=\"lazy\" decoding=\"async\" class=\"size-medium wp-image-37 alignright\" src=\"http:\/\/www.muzeumbozetice.cz\/wp-content\/uploads\/2017\/02\/13s-300x200.jpg\" alt=\"P1030308\" width=\"300\" height=\"200\" \/><\/a><\/p>\n<p>&nbsp;<\/p>\n<p>&nbsp;<\/p>\n<p>&nbsp;<\/p>\n<p>&nbsp;<br \/>&nbsp;<\/p>\n<p style=\"text-align: right;\">&gt;&gt;&gt; Po modernizaci ml\u00fdna v roce 1925 byla v roce 1928 opravena i stodola a st\u00e1je.<\/p>\n","protected":false},"excerpt":{"rendered":"<p>&lt;&lt;&lt; Na voln\u00e9 plo\u0161e u ml\u00fdna a na n\u00e1dvo\u0159\u00ed je situov\u00e1na v\u00fdstava velk\u00fdch zem\u011bd\u011blsk\u00fdch stroj\u016f pro obd\u011bl\u00e1v\u00e1n\u00ed p\u016fdy, p\u011bstov\u00e1n\u00ed a sklize\u0148 obil\u00ed a brambor. &nbsp; &nbsp; &nbsp;&nbsp; &nbsp; &gt;&gt;&gt; Ve st\u00e1j\u00edch je soust\u0159ed\u011bna expozice zem\u011bd\u011blsk\u00e9ho n\u00e1\u0159ad\u00ed a mal\u00fdch zem\u011bd\u011blsk\u00fdch stroj\u016f. &lt;&lt;&lt; K ml\u00fdnu samoz\u0159ejm\u011b pat\u0159ily polnosti, na kter\u00fdch se p\u011bstovalo\u2026<\/p>\n<p class=\"continue-reading-button\"> <a class=\"continue-reading-link\" href=\"https:\/\/www.muzeumbozetice.cz\/index.php\/expozice-zemedelstvi\/\">Continue reading<i class=\"crycon-right-dir\"><\/i><\/a><\/p>\n","protected":false},"author":1,"featured_media":0,"parent":0,"menu_order":3,"comment_status":"closed","ping_status":"closed","template":"","meta":{"footnotes":""},"class_list":["post-9","page","type-page","status-publish","hentry"],"_links":{"self":[{"href":"https:\/\/www.muzeumbozetice.cz\/index.php\/wp-json\/wp\/v2\/pages\/9","targetHints":{"allow":["GET"]}}],"collection":[{"href":"https:\/\/www.muzeumbozetice.cz\/index.php\/wp-json\/wp\/v2\/pages"}],"about":[{"href":"https:\/\/www.muzeumbozetice.cz\/index.php\/wp-json\/wp\/v2\/types\/page"}],"author":[{"embeddable":true,"href":"https:\/\/www.muzeumbozetice.cz\/index.php\/wp-json\/wp\/v2\/users\/1"}],"replies":[{"embeddable":true,"href":"https:\/\/www.muzeumbozetice.cz\/index.php\/wp-json\/wp\/v2\/comments?post=9"}],"version-history":[{"count":36,"href":"https:\/\/www.muzeumbozetice.cz\/index.php\/wp-json\/wp\/v2\/pages\/9\/revisions"}],"predecessor-version":[{"id":167,"href":"https:\/\/www.muzeumbozetice.cz\/index.php\/wp-json\/wp\/v2\/pages\/9\/revisions\/167"}],"wp:attachment":[{"href":"https:\/\/www.muzeumbozetice.cz\/index.php\/wp-json\/wp\/v2\/media?parent=9"}],"curies":[{"name":"wp","href":"https:\/\/api.w.org\/{rel}","templated":true}]}}