{"id":11,"date":"2016-03-26T16:56:16","date_gmt":"2016-03-26T15:56:16","guid":{"rendered":"http:\/\/www.muzeumbozetice.cz\/?page_id=11"},"modified":"2024-04-02T22:10:12","modified_gmt":"2024-04-02T21:10:12","slug":"kontakty","status":"publish","type":"page","link":"https:\/\/www.muzeumbozetice.cz\/index.php\/kontakty\/","title":{"rendered":"Kontakty"},"content":{"rendered":"\n<p><strong>Muzeum Bo\u017eetice<\/strong><br>Bo\u017eetice 24<br>399 01&nbsp; Milevsko<\/p>\n\n\n\n<p>Tel.: +420 <strong>777 197 336<\/strong>, +420 <strong>777 197 331<\/strong><br>Email: <strong>info@muzeumbozetice.cz<\/strong><\/p>\n\n\n\n<p>GPS: <strong>49.4508183N, 14.4469272E<\/strong><\/p>\n\n\n\n<p>Otev\u00edrac\u00ed doba<strong><br>Duben<\/strong><br> \u00a0\u00a0\u00a0\u00a0\u00a0\u00a0\u00a0\u00a0 dle domluvy na tel. 777 197 331<br><strong>Kv\u011bten &#8211; \u010cerven<\/strong><br>\u00a0\u00a0\u00a0\u00a0\u00a0\u00a0\u00a0\u00a0\u00a0\u00a0Po &#8211; P\u00e1 dle domluvy na tel. 777 197 331<br>\u00a0\u00a0\u00a0\u00a0\u00a0\u00a0\u00a0\u00a0\u00a0\u00a0So &#8211; Ne 9 &#8211; 16 hod<br><strong> \u010cervenec &#8211; Srpen<\/strong><br>\u00a0\u00a0\u00a0\u00a0\u00a0\u00a0\u00a0\u00a0\u00a0\u00a0Po Zav\u0159eno<br>\u00a0\u00a0\u00a0\u00a0\u00a0\u00a0\u00a0\u00a0\u00a0\u00a0\u00dat &#8211; Ne 9 &#8211; 16 hod<br><strong>Z\u00e1\u0159\u00ed<\/strong><br> \u00a0 \u00a0 \u00a0 \u00a0\u00a0dle domluvy na tel. 777 197 331<br><strong>\u0158\u00edjen &#8211; B\u0159ezen<\/strong><br>\u00a0\u00a0\u00a0\u00a0\u00a0\u00a0\u00a0\u00a0\u00a0\u00a0Zav\u0159eno<br><\/p>\n\n\n\n<p><strong>Vstupn\u00e9<\/strong><\/p>\n\n\n\n<table style=\"width:400px;border:0px;\" border=\"0\"><tbody><tr><td>Dosp\u011bl\u00fd<br>Senior<br>Student<br>D\u00edt\u011b 6-15 let, ZTTP<\/td><td>150 K\u010d<br>100 K\u010d<br>80 K\u010d<br>60 K\u010d<\/td><\/tr><\/tbody><\/table>\n\n\n\n<p><\/p>\n","protected":false},"excerpt":{"rendered":"<p>Muzeum Bo\u017eeticeBo\u017eetice 24399 01&nbsp; Milevsko Tel.: +420 777 197 336, +420 777 197 331Email: info@muzeumbozetice.cz GPS: 49.4508183N, 14.4469272E Otev\u00edrac\u00ed dobaDuben \u00a0\u00a0\u00a0\u00a0\u00a0\u00a0\u00a0\u00a0 dle domluvy na tel. 777 197 331Kv\u011bten &#8211; \u010cerven\u00a0\u00a0\u00a0\u00a0\u00a0\u00a0\u00a0\u00a0\u00a0\u00a0Po &#8211; P\u00e1 dle domluvy na tel. 777 197 331\u00a0\u00a0\u00a0\u00a0\u00a0\u00a0\u00a0\u00a0\u00a0\u00a0So &#8211; Ne 9 &#8211; 16 hod \u010cervenec &#8211; Srpen\u00a0\u00a0\u00a0\u00a0\u00a0\u00a0\u00a0\u00a0\u00a0\u00a0Po Zav\u0159eno\u00a0\u00a0\u00a0\u00a0\u00a0\u00a0\u00a0\u00a0\u00a0\u00a0\u00dat &#8211;\u2026<\/p>\n<p class=\"continue-reading-button\"> <a class=\"continue-reading-link\" href=\"https:\/\/www.muzeumbozetice.cz\/index.php\/kontakty\/\">Continue reading<i class=\"crycon-right-dir\"><\/i><\/a><\/p>\n","protected":false},"author":1,"featured_media":0,"parent":0,"menu_order":5,"comment_status":"closed","ping_status":"closed","template":"templates\/template-onecolumn.php","meta":{"footnotes":""},"class_list":["post-11","page","type-page","status-publish","hentry"],"_links":{"self":[{"href":"https:\/\/www.muzeumbozetice.cz\/index.php\/wp-json\/wp\/v2\/pages\/11","targetHints":{"allow":["GET"]}}],"collection":[{"href":"https:\/\/www.muzeumbozetice.cz\/index.php\/wp-json\/wp\/v2\/pages"}],"about":[{"href":"https:\/\/www.muzeumbozetice.cz\/index.php\/wp-json\/wp\/v2\/types\/page"}],"author":[{"embeddable":true,"href":"https:\/\/www.muzeumbozetice.cz\/index.php\/wp-json\/wp\/v2\/users\/1"}],"replies":[{"embeddable":true,"href":"https:\/\/www.muzeumbozetice.cz\/index.php\/wp-json\/wp\/v2\/comments?post=11"}],"version-history":[{"count":46,"href":"https:\/\/www.muzeumbozetice.cz\/index.php\/wp-json\/wp\/v2\/pages\/11\/revisions"}],"predecessor-version":[{"id":218,"href":"https:\/\/www.muzeumbozetice.cz\/index.php\/wp-json\/wp\/v2\/pages\/11\/revisions\/218"}],"wp:attachment":[{"href":"https:\/\/www.muzeumbozetice.cz\/index.php\/wp-json\/wp\/v2\/media?parent=11"}],"curies":[{"name":"wp","href":"https:\/\/api.w.org\/{rel}","templated":true}]}}